{"id":6801,"date":"2025-03-31T16:16:03","date_gmt":"2025-03-31T16:16:03","guid":{"rendered":"https:\/\/villaottone.com\/?page_id=6801"},"modified":"2025-04-02T14:12:41","modified_gmt":"2025-04-02T14:12:41","slug":"la-nostra-storia","status":"publish","type":"page","link":"https:\/\/villaottone.com\/fr\/la-nostra-storia\/","title":{"rendered":"Notre Histoire"},"content":{"rendered":"<div data-elementor-type=\"wp-page\" data-elementor-id=\"6801\" class=\"elementor elementor-6801\" data-elementor-post-type=\"page\">\n\t\t\t\t\t\t<section class=\"elementor-section elementor-top-section elementor-element elementor-element-3387f4a elementor-section-full_width elementor-section-height-min-height elementor-section-height-default elementor-section-items-middle\" data-id=\"3387f4a\" data-element_type=\"section\" data-settings=\"{&quot;background_background&quot;:&quot;classic&quot;}\">\n\t\t\t\t\t\t\t<div class=\"elementor-background-overlay\"><\/div>\n\t\t\t\t\t\t\t<div class=\"elementor-container elementor-column-gap-default\">\n\t\t\t\t\t<div class=\"elementor-column elementor-col-100 elementor-top-column elementor-element elementor-element-ef8902d\" data-id=\"ef8902d\" data-element_type=\"column\">\n\t\t\t<div class=\"elementor-widget-wrap elementor-element-populated\">\n\t\t\t\t\t\t<section class=\"elementor-section elementor-inner-section elementor-element elementor-element-0d4b0ba elementor-section-full_width elementor-section-height-default elementor-section-height-default\" data-id=\"0d4b0ba\" data-element_type=\"section\">\n\t\t\t\t\t\t<div class=\"elementor-container elementor-column-gap-default\">\n\t\t\t\t\t<div class=\"elementor-column elementor-col-33 elementor-inner-column elementor-element elementor-element-e71c7e0\" data-id=\"e71c7e0\" data-element_type=\"column\">\n\t\t\t<div class=\"elementor-widget-wrap\">\n\t\t\t\t\t\t\t<\/div>\n\t\t<\/div>\n\t\t\t\t<div class=\"elementor-column elementor-col-33 elementor-inner-column elementor-element elementor-element-c126745\" data-id=\"c126745\" data-element_type=\"column\">\n\t\t\t<div class=\"elementor-widget-wrap elementor-element-populated\">\n\t\t\t\t\t\t<div class=\"elementor-element elementor-element-a195390 elementor-widget__width-auto elementor-widget-mobile__width-inherit elementor-widget elementor-widget-heading\" data-id=\"a195390\" data-element_type=\"widget\" data-widget_type=\"heading.default\">\n\t\t\t\t<div class=\"elementor-widget-container\">\n\t\t\t\t\t<h2 class=\"elementor-heading-title elementor-size-default translation-block\">Notre <br>Histoire<\/h2>\t\t\t\t<\/div>\n\t\t\t\t<\/div>\n\t\t\t\t\t<\/div>\n\t\t<\/div>\n\t\t\t\t<div class=\"elementor-column elementor-col-33 elementor-inner-column elementor-element elementor-element-21f0c48\" data-id=\"21f0c48\" data-element_type=\"column\">\n\t\t\t<div class=\"elementor-widget-wrap\">\n\t\t\t\t\t\t\t<\/div>\n\t\t<\/div>\n\t\t\t\t\t<\/div>\n\t\t<\/section>\n\t\t\t\t<section class=\"elementor-section elementor-inner-section elementor-element elementor-element-1659d12 elementor-section-full_width elementor-section-height-default elementor-section-height-default\" data-id=\"1659d12\" data-element_type=\"section\">\n\t\t\t\t\t\t<div class=\"elementor-container elementor-column-gap-default\">\n\t\t\t\t\t<div class=\"elementor-column elementor-col-33 elementor-inner-column elementor-element elementor-element-7fb47e9\" data-id=\"7fb47e9\" data-element_type=\"column\">\n\t\t\t<div class=\"elementor-widget-wrap\">\n\t\t\t\t\t\t\t<\/div>\n\t\t<\/div>\n\t\t\t\t<div class=\"elementor-column elementor-col-33 elementor-inner-column elementor-element elementor-element-bc655da\" data-id=\"bc655da\" data-element_type=\"column\">\n\t\t\t<div class=\"elementor-widget-wrap\">\n\t\t\t\t\t\t\t<\/div>\n\t\t<\/div>\n\t\t\t\t<div class=\"elementor-column elementor-col-33 elementor-inner-column elementor-element elementor-element-ac186eb\" data-id=\"ac186eb\" data-element_type=\"column\">\n\t\t\t<div class=\"elementor-widget-wrap elementor-element-populated\">\n\t\t\t\t\t\t<div class=\"elementor-element elementor-element-8025118 elementor-widget elementor-widget-text-editor\" data-id=\"8025118\" data-element_type=\"widget\" data-widget_type=\"text-editor.default\">\n\t\t\t\t<div class=\"elementor-widget-container\">\n\t\t\t\t\t\t\t\t\t<p>Hotel Villa Ottone: un luogo speciale, una storia unica&#8230;<\/p>\t\t\t\t\t\t\t\t<\/div>\n\t\t\t\t<\/div>\n\t\t\t\t\t<\/div>\n\t\t<\/div>\n\t\t\t\t\t<\/div>\n\t\t<\/section>\n\t\t\t\t\t<\/div>\n\t\t<\/div>\n\t\t\t\t\t<\/div>\n\t\t<\/section>\n\t\t\t\t<section class=\"elementor-section elementor-top-section elementor-element elementor-element-ab54826 elementor-section-full_width elementor-reverse-mobile elementor-section-height-default elementor-section-height-default\" data-id=\"ab54826\" data-element_type=\"section\">\n\t\t\t\t\t\t<div class=\"elementor-container elementor-column-gap-default\">\n\t\t\t\t\t<div class=\"elementor-column elementor-col-100 elementor-top-column elementor-element elementor-element-b4affb1\" data-id=\"b4affb1\" data-element_type=\"column\">\n\t\t\t<div class=\"elementor-widget-wrap elementor-element-populated\">\n\t\t\t\t\t\t<section class=\"elementor-section elementor-inner-section elementor-element elementor-element-7adc5b0 elementor-section-full_width elementor-section-height-default elementor-section-height-default\" data-id=\"7adc5b0\" data-element_type=\"section\">\n\t\t\t\t\t\t<div class=\"elementor-container elementor-column-gap-default\">\n\t\t\t\t\t<div class=\"elementor-column elementor-col-100 elementor-inner-column elementor-element elementor-element-95eff29\" data-id=\"95eff29\" data-element_type=\"column\">\n\t\t\t<div class=\"elementor-widget-wrap elementor-element-populated\">\n\t\t\t\t\t\t<div class=\"elementor-element elementor-element-860e52d elementor-widget__width-inherit elementor-widget elementor-widget-heading\" data-id=\"860e52d\" data-element_type=\"widget\" data-widget_type=\"heading.default\">\n\t\t\t\t<div class=\"elementor-widget-container\">\n\t\t\t\t\t<h2 class=\"elementor-heading-title elementor-size-default translation-block\">Villa Ottone<br>\u00e0 travers le temps<\/h2>\t\t\t\t<\/div>\n\t\t\t\t<\/div>\n\t\t\t\t<div class=\"elementor-element elementor-element-b3bcc32 elementor-widget__width-initial elementor-widget elementor-widget-text-editor\" data-id=\"b3bcc32\" data-element_type=\"widget\" data-widget_type=\"text-editor.default\">\n\t\t\t\t<div class=\"elementor-widget-container\">\n\t\t\t\t\t\t\t\t\t<p><strong>En 1850,<\/strong> la Noble Dame Vittoria Altoviti Avila \u00e9pousa Giuseppe Toscanelli, un noble pisan.<\/p><p class=\"translation-block\"><strong>En 1857 <\/strong>naquit Giovan Battista, leur fils, surnomm\u00e9 Bistino par la famille. Celui-ci tomba malade de tuberculose pendant son adolescence. <br>\nLa famille suivit les conseils des m\u00e9decins de l\u2019\u00e9poque qui pr\u00e9conisaient l\u2019air de la mer et choisit un beau terrain \u00e0 l\u2019\u00eele d\u2019Elbe, encore sauvage. Elle y fit construire une grande demeure seigneuriale o\u00f9 Bistino pourrait gu\u00e9rir en bord de mer.<\/p><p>C\u2019est ainsi que commen\u00e7a l\u2019histoire de Villa Ottone\u2026<br> Apr\u00e8s le d\u00e9c\u00e8s pr\u00e9matur\u00e9 de leur cher fils Bistino, la famille Altoviti Toscanelli vendit la\npropri\u00e9t\u00e9.<\/p>\t\t\t\t\t\t\t\t<\/div>\n\t\t\t\t<\/div>\n\t\t\t\t<div class=\"elementor-element elementor-element-53a6e5f elementor-widget elementor-widget-text-editor\" data-id=\"53a6e5f\" data-element_type=\"widget\" data-widget_type=\"text-editor.default\">\n\t\t\t\t<div class=\"elementor-widget-container\">\n\t\t\t\t\t\t\t\t\t<p class=\"translation-block\"><strong>C\u2019\u00e9tait l\u2019an 1920<\/strong> et Villa Ottone fut achet\u00e9e par les deux des fr\u00e8res Agostini: Basilio et\nEmilio.<br><br><\/p>\n<p class=\"translation-block\">Emilio se vit ensuite oblig\u00e9 de c\u00e9der la moiti\u00e9 de la propri\u00e9t\u00e9 au plus pragmatique fr\u00e8re Basilio qui l\u2019acheta pour la donner \u00e0 son unique fille Emilia.<\/p>\n<p>Emilietta et Giuseppe Di Mario se mari\u00e8rent <strong>en 1940<\/strong> ed ebbero tre figli, Mario, Roberto e Maria Adelaide. Nella stagione estiva Villa Ottone venne data in affitto ed inizi\u00f2 cos\u00ec la sua storia di albergo.<\/p>\n<p class=\"translation-block\">Les fr\u00e8res Di Mario commenc\u00e8rent tr\u00e8s jeunes, <strong>en 1964<\/strong>, \u00e0 g\u00e9rer eux-m\u00eames l\u2019H\u00f4tel et en firent leur m\u00e9tier. Depuis lors, Villa Ottone s\u2019est d\u00e9velopp\u00e9 jusqu\u2019\u00e0 devenir les cinq \u00e9toiles actuelles.\nAujourd\u2019hui encore notre famille travaille afin de pouvoir conserver l\u2019harmonie des lieux qui se fond avec le style recherch\u00e9 de l\u2019h\u00f4tel, transmettant \u00e0 ses clients une sensation de bien-\u00eatre int\u00e9rieur.<\/p>\t\t\t\t\t\t\t\t<\/div>\n\t\t\t\t<\/div>\n\t\t\t\t\t<\/div>\n\t\t<\/div>\n\t\t\t\t\t<\/div>\n\t\t<\/section>\n\t\t\t\t\t<\/div>\n\t\t<\/div>\n\t\t\t\t\t<\/div>\n\t\t<\/section>\n\t\t\t\t<section class=\"elementor-section elementor-top-section elementor-element elementor-element-1260e40 elementor-section-full_width elementor-reverse-mobile elementor-section-height-default elementor-section-height-default\" data-id=\"1260e40\" data-element_type=\"section\">\n\t\t\t\t\t\t<div class=\"elementor-container elementor-column-gap-default\">\n\t\t\t\t\t<div class=\"elementor-column elementor-col-50 elementor-top-column elementor-element elementor-element-6e7b0bc\" data-id=\"6e7b0bc\" data-element_type=\"column\">\n\t\t\t<div class=\"elementor-widget-wrap\">\n\t\t\t\t\t\t\t<\/div>\n\t\t<\/div>\n\t\t\t\t<div class=\"elementor-column elementor-col-25 elementor-top-column elementor-element elementor-element-c71434b\" data-id=\"c71434b\" data-element_type=\"column\" data-settings=\"{&quot;background_background&quot;:&quot;classic&quot;}\">\n\t\t\t<div class=\"elementor-widget-wrap elementor-element-populated\">\n\t\t\t\t\t\t<div class=\"elementor-element elementor-element-33ba807 elementor-widget__width-initial elementor-widget elementor-widget-spacer\" data-id=\"33ba807\" data-element_type=\"widget\" data-widget_type=\"spacer.default\">\n\t\t\t\t<div class=\"elementor-widget-container\">\n\t\t\t\t\t\t\t<div class=\"elementor-spacer\">\n\t\t\t<div class=\"elementor-spacer-inner\"><\/div>\n\t\t<\/div>\n\t\t\t\t\t\t<\/div>\n\t\t\t\t<\/div>\n\t\t\t\t\t<\/div>\n\t\t<\/div>\n\t\t\t\t<div class=\"elementor-column elementor-col-25 elementor-top-column elementor-element elementor-element-25e9d7a\" data-id=\"25e9d7a\" data-element_type=\"column\" data-settings=\"{&quot;background_background&quot;:&quot;classic&quot;}\">\n\t\t\t<div class=\"elementor-widget-wrap elementor-element-populated\">\n\t\t\t\t\t\t<div class=\"elementor-element elementor-element-0bcdba3 elementor-widget__width-initial elementor-widget elementor-widget-spacer\" data-id=\"0bcdba3\" data-element_type=\"widget\" data-widget_type=\"spacer.default\">\n\t\t\t\t<div class=\"elementor-widget-container\">\n\t\t\t\t\t\t\t<div class=\"elementor-spacer\">\n\t\t\t<div class=\"elementor-spacer-inner\"><\/div>\n\t\t<\/div>\n\t\t\t\t\t\t<\/div>\n\t\t\t\t<\/div>\n\t\t\t\t\t<\/div>\n\t\t<\/div>\n\t\t\t\t\t<\/div>\n\t\t<\/section>\n\t\t\t\t<\/div>","protected":false},"excerpt":{"rendered":"<p>La NostraStoria Hotel Villa Ottone: un luogo speciale, una storia unica&#8230; Attraversoil tempo Nell\u2019anno 1850 la Nobildonna Vittoria Altoviti Avila spos\u00f2 Giuseppe Toscanelli, un nobile Pisano. Nel 1857 nacque Giovan Battista chiamato in famiglia Bistino, che nell\u2019adolescenza si ammal\u00f2 di tubercolosi. La famiglia, seguendo il consiglio dei medici di allora che ordinavano aria di mare, [&hellip;]<\/p>","protected":false},"author":1,"featured_media":0,"parent":0,"menu_order":0,"comment_status":"closed","ping_status":"closed","template":"elementor_header_footer","meta":{"footnotes":""},"class_list":["post-6801","page","type-page","status-publish","hentry"],"_links":{"self":[{"href":"https:\/\/villaottone.com\/fr\/wp-json\/wp\/v2\/pages\/6801","targetHints":{"allow":["GET"]}}],"collection":[{"href":"https:\/\/villaottone.com\/fr\/wp-json\/wp\/v2\/pages"}],"about":[{"href":"https:\/\/villaottone.com\/fr\/wp-json\/wp\/v2\/types\/page"}],"author":[{"embeddable":true,"href":"https:\/\/villaottone.com\/fr\/wp-json\/wp\/v2\/users\/1"}],"replies":[{"embeddable":true,"href":"https:\/\/villaottone.com\/fr\/wp-json\/wp\/v2\/comments?post=6801"}],"version-history":[{"count":28,"href":"https:\/\/villaottone.com\/fr\/wp-json\/wp\/v2\/pages\/6801\/revisions"}],"predecessor-version":[{"id":6869,"href":"https:\/\/villaottone.com\/fr\/wp-json\/wp\/v2\/pages\/6801\/revisions\/6869"}],"wp:attachment":[{"href":"https:\/\/villaottone.com\/fr\/wp-json\/wp\/v2\/media?parent=6801"}],"curies":[{"name":"wp","href":"https:\/\/api.w.org\/{rel}","templated":true}]}}