{"id":5871,"date":"2024-03-25T14:46:40","date_gmt":"2024-03-25T14:46:40","guid":{"rendered":"https:\/\/villaottone.com\/?page_id=5871"},"modified":"2025-02-26T16:06:07","modified_gmt":"2025-02-26T16:06:07","slug":"fuga-relax-allisola-delba","status":"publish","type":"page","link":"https:\/\/villaottone.com\/de\/fuga-relax-allisola-delba\/","title":{"rendered":"Entspannungs-Kurzurlaub auf der Insel Elba"},"content":{"rendered":"<div data-elementor-type=\"wp-page\" data-elementor-id=\"5871\" class=\"elementor elementor-5871\" data-elementor-post-type=\"page\">\n\t\t\t\t\t\t<section class=\"elementor-section elementor-top-section elementor-element elementor-element-ef720d6 elementor-section-full_width elementor-section-height-min-height elementor-section-items-bottom elementor-section-height-default\" data-id=\"ef720d6\" data-element_type=\"section\" data-settings=\"{&quot;background_background&quot;:&quot;classic&quot;}\">\n\t\t\t\t\t\t\t<div class=\"elementor-background-overlay\"><\/div>\n\t\t\t\t\t\t\t<div class=\"elementor-container elementor-column-gap-default\">\n\t\t\t\t\t<div class=\"elementor-column elementor-col-100 elementor-top-column elementor-element elementor-element-1c513ab\" data-id=\"1c513ab\" data-element_type=\"column\">\n\t\t\t<div class=\"elementor-widget-wrap elementor-element-populated\">\n\t\t\t\t\t\t<section class=\"elementor-section elementor-inner-section elementor-element elementor-element-e6899ca elementor-section-full_width elementor-section-height-default elementor-section-height-default\" data-id=\"e6899ca\" data-element_type=\"section\">\n\t\t\t\t\t\t<div class=\"elementor-container elementor-column-gap-default\">\n\t\t\t\t\t<div class=\"elementor-column elementor-col-50 elementor-inner-column elementor-element elementor-element-cce4592\" data-id=\"cce4592\" data-element_type=\"column\">\n\t\t\t<div class=\"elementor-widget-wrap elementor-element-populated\">\n\t\t\t\t\t\t<div class=\"elementor-element elementor-element-53b1362 elementor-widget__width-auto elementor-widget-mobile__width-inherit elementor-widget elementor-widget-heading\" data-id=\"53b1362\" data-element_type=\"widget\" data-widget_type=\"heading.default\">\n\t\t\t\t<div class=\"elementor-widget-container\">\n\t\t\t\t\t<h2 class=\"elementor-heading-title elementor-size-default translation-block\">Entspannungs-Kurzurlaub <br>auf der Insel Elba<\/h2>\t\t\t\t<\/div>\n\t\t\t\t<\/div>\n\t\t\t\t\t<\/div>\n\t\t<\/div>\n\t\t\t\t<div class=\"elementor-column elementor-col-50 elementor-inner-column elementor-element elementor-element-0cb97b9\" data-id=\"0cb97b9\" data-element_type=\"column\">\n\t\t\t<div class=\"elementor-widget-wrap elementor-element-populated\">\n\t\t\t\t\t\t<div class=\"elementor-element elementor-element-a26630e elementor-position-left elementor-mobile-position-left elementor-widget__width-auto elementor-view-default elementor-widget elementor-widget-icon-box\" data-id=\"a26630e\" data-element_type=\"widget\" data-widget_type=\"icon-box.default\">\n\t\t\t\t<div class=\"elementor-widget-container\">\n\t\t\t\t\t\t\t<div class=\"elementor-icon-box-wrapper\">\n\n\t\t\t\t\t\t<div class=\"elementor-icon-box-icon\">\n\t\t\t\t<span  class=\"elementor-icon\">\n\t\t\t\t<svg xmlns=\"http:\/\/www.w3.org\/2000\/svg\" width=\"42.008\" height=\"44.999\" viewbox=\"0 0 42.008 44.999\"><g id=\"share-alt-bianco\" transform=\"translate(-2.993 -1.499)\"><path id=\"Tracciato_12\" data-name=\"Tracciato 12\" d=\"M37.875,32.25a7.115,7.115,0,0,0-5.644,2.784L16.863,26.312a7.1,7.1,0,0,0,0-4.625L32.23,12.966a7.119,7.119,0,1,0-1.291-2.716L15.309,19.12a7.125,7.125,0,1,0,0,9.76l15.63,8.871a7.124,7.124,0,1,0,6.936-5.5Zm0-27.75A4.125,4.125,0,1,1,33.75,8.625,4.125,4.125,0,0,1,37.875,4.5ZM10.125,28.125A4.125,4.125,0,1,1,14.25,24a4.125,4.125,0,0,1-4.125,4.125ZM37.875,43.5A4.125,4.125,0,1,1,42,39.375,4.125,4.125,0,0,1,37.875,43.5Z\" fill=\"#fff\"><\/path><\/g><\/svg>\t\t\t\t<\/span>\n\t\t\t<\/div>\n\t\t\t\n\t\t\t\n\t\t<\/div>\n\t\t\t\t\t\t<\/div>\n\t\t\t\t<\/div>\n\t\t\t\t<div class=\"elementor-element elementor-element-321214b elementor-share-buttons--view-text elementor-share-buttons--skin-framed elementor-share-buttons--color-custom elementor-widget__width-auto elementor-share-buttons--shape-square elementor-grid-0 elementor-widget elementor-widget-share-buttons\" data-id=\"321214b\" data-element_type=\"widget\" data-widget_type=\"share-buttons.default\">\n\t\t\t\t<div class=\"elementor-widget-container\">\n\t\t\t\t\t\t\t<div class=\"elementor-grid\">\n\t\t\t\t\t\t\t\t<div class=\"elementor-grid-item\">\n\t\t\t\t\t\t<div class=\"elementor-share-btn elementor-share-btn_whatsapp\" role=\"button\" tabindex=\"0\" aria-label=\"Teilen auf whatsapp\" data-no-translation-aria-label=\"\">\n\t\t\t\t\t\t\t\t\t\t\t\t\t\t\t\t\t\t\t\t\t\t<div class=\"elementor-share-btn__text\">\n\t\t\t\t\t\t\t\t\t\t\t\t\t\t\t\t\t\t\t<span class=\"elementor-share-btn__title\">\n\t\t\t\t\t\t\t\t\t\tAuf Whatsapp teilen\t\t\t\t\t\t\t\t\t<\/span>\n\t\t\t\t\t\t\t\t\t\t\t\t\t\t\t\t\t<\/div>\n\t\t\t\t\t\t\t\t\t\t\t\t\t<\/div>\n\t\t\t\t\t<\/div>\n\t\t\t\t\t\t<\/div>\n\t\t\t\t\t\t<\/div>\n\t\t\t\t<\/div>\n\t\t\t\t\t<\/div>\n\t\t<\/div>\n\t\t\t\t\t<\/div>\n\t\t<\/section>\n\t\t\t\t\t<\/div>\n\t\t<\/div>\n\t\t\t\t\t<\/div>\n\t\t<\/section>\n\t\t\t\t<section class=\"elementor-section elementor-top-section elementor-element elementor-element-7b8eb4f elementor-section-full_width elementor-section-height-default elementor-section-height-default\" data-id=\"7b8eb4f\" data-element_type=\"section\">\n\t\t\t\t\t\t<div class=\"elementor-container elementor-column-gap-default\">\n\t\t\t\t\t<div class=\"elementor-column elementor-col-100 elementor-top-column elementor-element elementor-element-aa1ba43\" data-id=\"aa1ba43\" data-element_type=\"column\">\n\t\t\t<div class=\"elementor-widget-wrap elementor-element-populated\">\n\t\t\t\t\t\t<section class=\"elementor-section elementor-inner-section elementor-element elementor-element-1132c78 elementor-section-full_width elementor-section-height-default elementor-section-height-default\" data-id=\"1132c78\" data-element_type=\"section\">\n\t\t\t\t\t\t<div class=\"elementor-container elementor-column-gap-default\">\n\t\t\t\t\t<div class=\"elementor-column elementor-col-33 elementor-inner-column elementor-element elementor-element-a028d83\" data-id=\"a028d83\" data-element_type=\"column\">\n\t\t\t<div class=\"elementor-widget-wrap elementor-element-populated\">\n\t\t\t\t\t\t<div class=\"elementor-element elementor-element-2d36413 elementor-widget__width-auto elementor-widget-mobile__width-inherit elementor-widget elementor-widget-heading\" data-id=\"2d36413\" data-element_type=\"widget\" data-widget_type=\"heading.default\">\n\t\t\t\t<div class=\"elementor-widget-container\">\n\t\t\t\t\t<h2 class=\"elementor-heading-title elementor-size-default\">Einzelheiten<\/h2>\t\t\t\t<\/div>\n\t\t\t\t<\/div>\n\t\t\t\t\t<\/div>\n\t\t<\/div>\n\t\t\t\t<div class=\"elementor-column elementor-col-33 elementor-inner-column elementor-element elementor-element-08db550\" data-id=\"08db550\" data-element_type=\"column\">\n\t\t\t<div class=\"elementor-widget-wrap\">\n\t\t\t\t\t\t\t<\/div>\n\t\t<\/div>\n\t\t\t\t<div class=\"elementor-column elementor-col-33 elementor-inner-column elementor-element elementor-element-afd4d11\" data-id=\"afd4d11\" data-element_type=\"column\">\n\t\t\t<div class=\"elementor-widget-wrap elementor-element-populated\">\n\t\t\t\t\t\t<div class=\"elementor-element elementor-element-21de32b elementor-icon-list--layout-inline elementor-align-left elementor-widget__width-auto elementor-widget-mobile__width-inherit elementor-list-item-link-full_width elementor-widget elementor-widget-icon-list\" data-id=\"21de32b\" data-element_type=\"widget\" data-widget_type=\"icon-list.default\">\n\t\t\t\t<div class=\"elementor-widget-container\">\n\t\t\t\t\t\t\t<ul class=\"elementor-icon-list-items elementor-inline-items\">\n\t\t\t\t\t\t\t<li class=\"elementor-icon-list-item elementor-inline-item\">\n\t\t\t\t\t\t\t\t\t\t\t<span class=\"elementor-icon-list-icon\">\n\t\t\t\t\t\t\t<svg xmlns=\"http:\/\/www.w3.org\/2000\/svg\" id=\"calendar-check\" width=\"48\" height=\"48\" viewbox=\"0 0 48 48\"><g id=\"Raggruppa_67\" data-name=\"Raggruppa 67\"><path id=\"Tracciato_32\" data-name=\"Tracciato 32\" d=\"M32.562,21.438a1.5,1.5,0,0,1,0,2.124l-9,9a1.5,1.5,0,0,1-2.124,0l-4.5-4.5a1.5,1.5,0,0,1,2.124-2.124L22.5,29.379l7.938-7.941a1.5,1.5,0,0,1,2.124,0Z\" fill=\"#2c3c4c\"><\/path><path id=\"Tracciato_33\" data-name=\"Tracciato 33\" d=\"M10.5,0A1.5,1.5,0,0,1,12,1.5V3H36V1.5a1.5,1.5,0,1,1,3,0V3h3a6,6,0,0,1,6,6V42a6,6,0,0,1-6,6H6a6,6,0,0,1-6-6V9A6,6,0,0,1,6,3H9V1.5A1.5,1.5,0,0,1,10.5,0ZM3,12V42a3,3,0,0,0,3,3H42a3,3,0,0,0,3-3V12Z\" fill=\"#2c3c4c\"><\/path><\/g><\/svg>\t\t\t\t\t\t<\/span>\n\t\t\t\t\t\t\t\t\t\t<span class=\"elementor-icon-list-text\">Buchbar bis 31.03.2025<\/span>\n\t\t\t\t\t\t\t\t\t<\/li>\n\t\t\t\t\t\t<\/ul>\n\t\t\t\t\t\t<\/div>\n\t\t\t\t<\/div>\n\t\t\t\t<div class=\"elementor-element elementor-element-ff6f8ae elementor-icon-list--layout-inline elementor-align-left elementor-widget__width-auto elementor-list-item-link-full_width elementor-widget elementor-widget-icon-list\" data-id=\"ff6f8ae\" data-element_type=\"widget\" data-widget_type=\"icon-list.default\">\n\t\t\t\t<div class=\"elementor-widget-container\">\n\t\t\t\t\t\t\t<ul class=\"elementor-icon-list-items elementor-inline-items\">\n\t\t\t\t\t\t\t<li class=\"elementor-icon-list-item elementor-inline-item\">\n\t\t\t\t\t\t\t\t\t\t\t<span class=\"elementor-icon-list-icon\">\n\t\t\t\t\t\t\t<svg xmlns=\"http:\/\/www.w3.org\/2000\/svg\" xmlns:xlink=\"http:\/\/www.w3.org\/1999\/xlink\" id=\"Livello_1\" x=\"0px\" y=\"0px\" viewbox=\"0 0 27.3 29.7\" style=\"enable-background:new 0 0 27.3 29.7;\" xml:space=\"preserve\"><style type=\"text\/css\">\t.st0{fill:#2B3B4A;}<\/style><g id=\"team_18_\">\t<g>\t\t<g>\t\t\t<g>\t\t\t\t<g>\t\t\t\t\t<path class=\"st0\" d=\"M16.6,29.7c-0.7,0-1.4,0-2.2,0l-1.6,0c-7.1,0-10.7,0-12.1-1.8c-1-1.2-0.8-2.8-0.5-4.5      c0.8-4.1,3.2-6,6.3-8.1c0.3-0.2,0.8-0.1,1,0.2c0.2,0.3,0.1,0.8-0.2,1c-3.4,2.3-5.1,4-5.7,7.2c-0.3,1.8-0.3,2.7,0.2,3.3      c1,1.3,4.8,1.3,11,1.3l1.6,0c6.2,0,9.9,0,11-1.2c0.5-0.6,0.6-1.6,0.3-3.3c-0.6-3.5-2.7-5.2-5.6-7.2c-0.3-0.2-0.4-0.7-0.2-1      c0.2-0.3,0.7-0.4,1-0.2c3.1,2.2,5.6,4.1,6.2,8.2c0.3,1.6,0.4,3.3-0.6,4.5C25.2,29.6,22.2,29.7,16.6,29.7z\"><\/path>\t\t\t\t<\/g>\t\t\t<\/g>\t\t\t<g>\t\t\t\t<g>\t\t\t\t\t<path class=\"st0\" d=\"M13.7,17.2L13.7,17.2C13.7,17.2,13.7,17.2,13.7,17.2c-3.8,0-7.4-4.6-7.4-9.5C6.4,3.3,9.5,0,13.7,0      c2,0,3.9,0.8,5.2,2.1c1.4,1.4,2.1,3.4,2.1,5.7C21.1,12.5,17.4,17.2,13.7,17.2z M13.7,1.4c-3.5,0-6,2.6-6,6.3      c0,4.1,2.9,8,5.9,8.1l0,0.7v-0.7c2.9,0,6-4.1,6-8c0-1.9-0.6-3.5-1.7-4.7C16.9,2,15.4,1.4,13.7,1.4z\"><\/path>\t\t\t\t<\/g>\t\t\t<\/g>\t\t<\/g>\t<\/g><\/g><\/svg>\t\t\t\t\t\t<\/span>\n\t\t\t\t\t\t\t\t\t\t<span class=\"elementor-icon-list-text\">2 personen<\/span>\n\t\t\t\t\t\t\t\t\t<\/li>\n\t\t\t\t\t\t<\/ul>\n\t\t\t\t\t\t<\/div>\n\t\t\t\t<\/div>\n\t\t\t\t\t<\/div>\n\t\t<\/div>\n\t\t\t\t\t<\/div>\n\t\t<\/section>\n\t\t\t\t<section class=\"elementor-section elementor-inner-section elementor-element elementor-element-94491cb elementor-section-full_width elementor-section-height-default elementor-section-height-default\" data-id=\"94491cb\" data-element_type=\"section\">\n\t\t\t\t\t\t<div class=\"elementor-container elementor-column-gap-default\">\n\t\t\t\t\t<div class=\"elementor-column elementor-col-100 elementor-inner-column elementor-element elementor-element-7cf8f93\" data-id=\"7cf8f93\" data-element_type=\"column\">\n\t\t\t<div class=\"elementor-widget-wrap elementor-element-populated\">\n\t\t\t\t\t\t<div class=\"elementor-element elementor-element-d459b5c elementor-widget elementor-widget-heading\" data-id=\"d459b5c\" data-element_type=\"widget\" data-widget_type=\"heading.default\">\n\t\t\t\t<div class=\"elementor-widget-container\">\n\t\t\t\t\t<h2 class=\"elementor-heading-title elementor-size-default translation-block\">Buchen Sie Ihren Aufenthalt bis zum <span class=\"bold\">31. M\u00e4rz 2025 <\/span>und nutzen Sie unser Angebot, ein <span class=\"bold\">Wohlf\u00fchlerlebnis<\/span>, an einem einzigartigen Ort zu erleben.\n<br>\n<br>\n- 3 N\u00e4chte in einem <span class=\"bold\">Superior<\/span> oder <span class=\"bold\">Superior De Luxe Zimmer<\/span> mit Fr\u00fchst\u00fcck<br>\n- Romantischer <span class=\"bold\">Aperitif <\/span>bei Sonnenuntergang in der Avila American Bar<br>\n- <span class=\"bold\">Flasche Prosecco<\/span> auf dem Zimmer bei Ankunft<br>\n- <span class=\"bold\">Wellness-Paket<\/span>: 6 25-min\u00fctige Massagen im Essentia Wellness Center\n<br>\n<br>\nBuchen Sie direkt auf der offiziellen Website des Hotels oder senden Sie Ihre Anfrage an <span style=\"text-decoration: underline\"><a style=\"color: #2B3B4A\" href=\"mailto:hotel@villaottone.com\" data-cmp-ab=\"2\" target=\"_self\">hotel@villaottone.com<\/a><\/span><br>\nAngebot nach Verf\u00fcgbarkeit, g\u00fcltig f\u00fcr zwei Personen f\u00fcr Aufenthalte vom 16.05.2025 bis 16.06.2025.<\/h2>\t\t\t\t<\/div>\n\t\t\t\t<\/div>\n\t\t\t\t\t<\/div>\n\t\t<\/div>\n\t\t\t\t\t<\/div>\n\t\t<\/section>\n\t\t\t\t<section class=\"elementor-section elementor-inner-section elementor-element elementor-element-fb32a36 elementor-section-full_width elementor-section-height-default elementor-section-height-default\" data-id=\"fb32a36\" data-element_type=\"section\">\n\t\t\t\t\t\t<div class=\"elementor-container elementor-column-gap-default\">\n\t\t\t\t\t<div class=\"elementor-column elementor-col-50 elementor-inner-column elementor-element elementor-element-ccbb2ec\" data-id=\"ccbb2ec\" data-element_type=\"column\">\n\t\t\t<div class=\"elementor-widget-wrap elementor-element-populated\">\n\t\t\t\t\t\t<div class=\"elementor-element elementor-element-48ad70f elementor-widget__width-auto elementor-align-left elementor-mobile-align-left elementor-widget-mobile__width-inherit preventivo elementor-widget elementor-widget-button\" data-id=\"48ad70f\" data-element_type=\"widget\" data-widget_type=\"button.default\">\n\t\t\t\t<div class=\"elementor-widget-container\">\n\t\t\t\t\t\t\t\t\t<div class=\"elementor-button-wrapper\">\n\t\t\t\t\t<a class=\"elementor-button elementor-button-link elementor-size-sm\" href=\"#elementor-action%3Aaction%3Dpopup%3Aopen%26settings%3DeyJpZCI6IjE1MDgiLCJ0b2dnbGUiOmZhbHNlfQ%3D%3D\">\n\t\t\t\t\t\t<span class=\"elementor-button-content-wrapper\">\n\t\t\t\t\t\t<span class=\"elementor-button-icon\">\n\t\t\t\t<i aria-hidden=\"true\" class=\"fas fa-pencil-alt\"><\/i>\t\t\t<\/span>\n\t\t\t\t\t\t\t\t\t<span class=\"elementor-button-text\">Angebot anfordern<\/span>\n\t\t\t\t\t<\/span>\n\t\t\t\t\t<\/a>\n\t\t\t\t<\/div>\n\t\t\t\t\t\t\t\t<\/div>\n\t\t\t\t<\/div>\n\t\t\t\t\t<\/div>\n\t\t<\/div>\n\t\t\t\t<div class=\"elementor-column elementor-col-50 elementor-inner-column elementor-element elementor-element-bc63987\" data-id=\"bc63987\" data-element_type=\"column\">\n\t\t\t<div class=\"elementor-widget-wrap elementor-element-populated\">\n\t\t\t\t\t\t<div class=\"elementor-element elementor-element-b37c728 elementor-widget__width-auto elementor-align-left elementor-mobile-align-justify elementor-widget-mobile__width-inherit pulsante elementor-widget elementor-widget-button\" data-id=\"b37c728\" data-element_type=\"widget\" data-widget_type=\"button.default\">\n\t\t\t\t<div class=\"elementor-widget-container\">\n\t\t\t\t\t\t\t\t\t<div class=\"elementor-button-wrapper\">\n\t\t\t\t\t<a class=\"elementor-button elementor-button-link elementor-size-sm\" href=\"https:\/\/www.simplebooking.it\/ibe2\/hotel\/9355?lang=DE&amp;cur=EUR&amp;offer=158834\" target=\"_blank\" rel=\"noopener\">\n\t\t\t\t\t\t<span class=\"elementor-button-content-wrapper\">\n\t\t\t\t\t\t<span class=\"elementor-button-icon\">\n\t\t\t\t<i aria-hidden=\"true\" class=\"fas fa-concierge-bell\"><\/i>\t\t\t<\/span>\n\t\t\t\t\t\t\t\t\t<span class=\"elementor-button-text\">jetzt buchen<\/span>\n\t\t\t\t\t<\/span>\n\t\t\t\t\t<\/a>\n\t\t\t\t<\/div>\n\t\t\t\t\t\t\t\t<\/div>\n\t\t\t\t<\/div>\n\t\t\t\t\t<\/div>\n\t\t<\/div>\n\t\t\t\t\t<\/div>\n\t\t<\/section>\n\t\t\t\t\t<\/div>\n\t\t<\/div>\n\t\t\t\t\t<\/div>\n\t\t<\/section>\n\t\t\t\t<\/div>","protected":false},"excerpt":{"rendered":"<p>Fuga Relax all\u2019Isola d\u2019Elba Condividi su Whatsapp Dettagli Prenotabile entro il 31.03.2025 2 persone Prenota il tuo soggiorno entro il 31 marzo 2025 e approfitta della nostra offerta per vivere un\u2019esperienza all\u2019insegna del benessere, in una cornice unica. &#8211; 3 notti in Camera Superior o Superior De Luxe con colazione&#8211; Romantico aperitivo al tramonto presso [&hellip;]<\/p>","protected":false},"author":1,"featured_media":0,"parent":0,"menu_order":0,"comment_status":"closed","ping_status":"closed","template":"elementor_header_footer","meta":{"footnotes":""},"class_list":["post-5871","page","type-page","status-publish","hentry"],"_links":{"self":[{"href":"https:\/\/villaottone.com\/de\/wp-json\/wp\/v2\/pages\/5871","targetHints":{"allow":["GET"]}}],"collection":[{"href":"https:\/\/villaottone.com\/de\/wp-json\/wp\/v2\/pages"}],"about":[{"href":"https:\/\/villaottone.com\/de\/wp-json\/wp\/v2\/types\/page"}],"author":[{"embeddable":true,"href":"https:\/\/villaottone.com\/de\/wp-json\/wp\/v2\/users\/1"}],"replies":[{"embeddable":true,"href":"https:\/\/villaottone.com\/de\/wp-json\/wp\/v2\/comments?post=5871"}],"version-history":[{"count":82,"href":"https:\/\/villaottone.com\/de\/wp-json\/wp\/v2\/pages\/5871\/revisions"}],"predecessor-version":[{"id":6693,"href":"https:\/\/villaottone.com\/de\/wp-json\/wp\/v2\/pages\/5871\/revisions\/6693"}],"wp:attachment":[{"href":"https:\/\/villaottone.com\/de\/wp-json\/wp\/v2\/media?parent=5871"}],"curies":[{"name":"wp","href":"https:\/\/api.w.org\/{rel}","templated":true}]}}